{"id":930,"date":"2024-02-26T18:02:42","date_gmt":"2024-02-26T17:02:42","guid":{"rendered":"https:\/\/newortho2.live-website.com\/date"},"modified":"2025-03-10T10:27:23","modified_gmt":"2025-03-10T09:27:23","slug":"date","status":"publish","type":"page","link":"https:\/\/www.new-ortho.de\/en\/date","title":{"rendered":"Date"},"content":{"rendered":"<!--themify_builder_content-->\n<div id=\"themify_builder_content-930\" data-postid=\"930\" class=\"themify_builder_content themify_builder_content-930 themify_builder tf_clear\">\n                    <div  data-lazy=\"1\" class=\"module_row themify_builder_row tb_fv72904 tb_first tf_w\">\n                        <div class=\"row_inner col_align_top tb_col_count_1 tf_box tf_rel\">\n                        <div  data-lazy=\"1\" class=\"module_column tb-column col-full tb_qisd904 first\">\n                    <!-- module text -->\n<div  class=\"module module-text tb_od68904   \" data-lazy=\"1\">\n        <div  class=\"tb_text_wrap\">\n        <h1 style=\"text-align: center;\">Make an appointment with newOrtho<\/h1>    <\/div>\n<\/div>\n<!-- \/module text --><!-- module plain text -->\n<div  class=\"module module-plain-text tb_rryg93 \" data-lazy=\"1\">\n        <div class=\"tb_text_wrap\">\n    <iframe loading=\"lazy\" src=\"https:\/\/www.iie-systems.de\/kalender\/5773040cfd\" width=\"100%\" height=\"1500\" frameborder=\"0\" scrolling=\"auto\"><\/iframe>    <\/div>\n<\/div>\n<!-- \/module plain text -->        <\/div>\n                        <\/div>\n        <\/div>\n        <\/div>\n<!--\/themify_builder_content-->","protected":false},"excerpt":{"rendered":"<p>Make an appointment with newOrtho<\/p>\n","protected":false},"author":1,"featured_media":0,"parent":0,"menu_order":0,"comment_status":"closed","ping_status":"closed","template":"","meta":{"footnotes":""},"class_list":["post-930","page","type-page","status-publish","hentry","has-post-title","has-post-date","has-post-category","has-post-tag","has-post-comment","has-post-author",""],"aioseo_notices":[],"aioseo_head":"\n\t\t<!-- All in One SEO Pro 4.9.6.2 - aioseo.com -->\n\t<meta name=\"description\" content=\"Make an appointment with NewOrtho now and receive fast support and individual advice to solve your orthopaedic problems.\" \/>\n\t<meta name=\"robots\" content=\"noindex, nofollow, max-snippet:-1, max-image-preview:large, max-video-preview:-1\" \/>\n\t<link rel=\"canonical\" href=\"https:\/\/www.new-ortho.de\/en\/date\" \/>\n\t<meta name=\"generator\" content=\"All in One SEO Pro (AIOSEO) 4.9.6.2\" \/>\n\t\t<meta property=\"og:locale\" content=\"en_US\" \/>\n\t\t<meta property=\"og:site_name\" content=\"newOrtho - Die Kieferorthop\u00e4den in Schweinfurt\" \/>\n\t\t<meta property=\"og:type\" content=\"article\" \/>\n\t\t<meta property=\"og:title\" content=\"Date - newOrtho\" \/>\n\t\t<meta property=\"og:description\" content=\"Make an appointment with NewOrtho now and receive fast support and individual advice to solve your orthopaedic problems.\" \/>\n\t\t<meta property=\"og:url\" content=\"https:\/\/www.new-ortho.de\/en\/date\" \/>\n\t\t<meta property=\"article:published_time\" content=\"2024-02-26T17:02:42+00:00\" \/>\n\t\t<meta property=\"article:modified_time\" content=\"2025-03-10T09:27:23+00:00\" \/>\n\t\t<meta property=\"article:publisher\" content=\"https:\/\/www.facebook.com\/kfonewortho\/\" \/>\n\t\t<meta name=\"twitter:card\" content=\"summary_large_image\" \/>\n\t\t<meta name=\"twitter:title\" content=\"Date - newOrtho\" \/>\n\t\t<meta name=\"twitter:description\" content=\"Make an appointment with NewOrtho now and receive fast support and individual advice to solve your orthopaedic problems.\" \/>\n\t\t<script type=\"application\/ld+json\" class=\"aioseo-schema\">\n\t\t\t{\"@context\":\"https:\\\/\\\/schema.org\",\"@graph\":[{\"@type\":\"BreadcrumbList\",\"@id\":\"https:\\\/\\\/www.new-ortho.de\\\/en\\\/date#breadcrumblist\",\"itemListElement\":[{\"@type\":\"ListItem\",\"@id\":\"https:\\\/\\\/www.new-ortho.de\\\/en#listItem\",\"position\":1,\"name\":\"Home\",\"item\":\"https:\\\/\\\/www.new-ortho.de\\\/en\",\"nextItem\":{\"@type\":\"ListItem\",\"@id\":\"https:\\\/\\\/www.new-ortho.de\\\/en\\\/date#listItem\",\"name\":\"Date\"}},{\"@type\":\"ListItem\",\"@id\":\"https:\\\/\\\/www.new-ortho.de\\\/en\\\/date#listItem\",\"position\":2,\"name\":\"Date\",\"previousItem\":{\"@type\":\"ListItem\",\"@id\":\"https:\\\/\\\/www.new-ortho.de\\\/en#listItem\",\"name\":\"Home\"}}]},{\"@type\":\"Organization\",\"@id\":\"https:\\\/\\\/www.new-ortho.de\\\/en\\\/#organization\",\"name\":\"newOrtho Martin Kleibe und Diana Cacoveanu\",\"description\":\"newOrtho ist eine f\\u00fchrende kieferorthop\\u00e4dische Praxis in Schweinfurt, die spezialisierte Behandlungen f\\u00fcr Kinder und Erwachsene anbietet. Unser erfahrenes Team bietet ein breites Spektrum an modernen Behandlungsmethoden, darunter unsichtbare Zahnspangen (Invisalign), festsitzende und herausnehmbare Zahnspangen sowie pr\\u00e4ventive Kieferorthop\\u00e4die. Dar\\u00fcber hinaus sind wir auf kieferorthop\\u00e4dische Chirurgie, die Behandlung von Kiefergelenkproblemen und Fr\\u00fchbehandlungen bei Kindern spezialisiert. Wir bieten auch Retentionsger\\u00e4te zur Stabilisierung des Behandlungsergebnisses und \\u00e4sthetische Zahnkorrekturen an. Wir legen gro\\u00dfen Wert auf eine individuelle Beratung und Betreuung unserer Patienten und bieten flexible Terminvereinbarungen sowie Notfallservices an. Unsere Praxis ist bekannt f\\u00fcr ihre freundliche Atmosph\\u00e4re und den hohen Qualit\\u00e4tsstandard der Behandlungen. Besuchen Sie newOrtho und erfahren Sie mehr \\u00fcber unsere umfassenden Leistungen f\\u00fcr ein gesundes und sch\\u00f6nes L\\u00e4cheln.\",\"url\":\"https:\\\/\\\/www.new-ortho.de\\\/en\\\/\",\"email\":\"info@new-ortho.de\",\"telephone\":\"+49972125282\",\"numberOfEmployees\":{\"@type\":\"QuantitativeValue\",\"minValue\":10,\"maxValue\":20},\"logo\":{\"@type\":\"ImageObject\",\"url\":\"https:\\\/\\\/cdn.new-ortho.de\\\/wp-content\\\/uploads\\\/2024\\\/02\\\/new-ortho-logo.svg\",\"@id\":\"https:\\\/\\\/www.new-ortho.de\\\/en\\\/date\\\/#organizationLogo\",\"caption\":\"new-ortho-logo\"},\"image\":{\"@id\":\"https:\\\/\\\/www.new-ortho.de\\\/en\\\/date\\\/#organizationLogo\"},\"sameAs\":[\"https:\\\/\\\/www.facebook.com\\\/kfonewortho\\\/\",\"https:\\\/\\\/www.instagram.com\\\/kfo_schweinfurt\\\/\"]},{\"@type\":\"WebPage\",\"@id\":\"https:\\\/\\\/www.new-ortho.de\\\/en\\\/date#webpage\",\"url\":\"https:\\\/\\\/www.new-ortho.de\\\/en\\\/date\",\"name\":\"Date - newOrtho\",\"description\":\"Make an appointment with NewOrtho now and receive fast support and individual advice to solve your orthopaedic problems.\",\"inLanguage\":\"en-US\",\"isPartOf\":{\"@id\":\"https:\\\/\\\/www.new-ortho.de\\\/en\\\/#website\"},\"breadcrumb\":{\"@id\":\"https:\\\/\\\/www.new-ortho.de\\\/en\\\/date#breadcrumblist\"},\"datePublished\":\"2024-02-26T18:02:42+01:00\",\"dateModified\":\"2025-03-10T10:27:23+01:00\"},{\"@type\":\"WebSite\",\"@id\":\"https:\\\/\\\/www.new-ortho.de\\\/en\\\/#website\",\"url\":\"https:\\\/\\\/www.new-ortho.de\\\/en\\\/\",\"name\":\"Kieferorthop\\u00e4de Schweinfurt - newOrtho Martin Kleibe und Diana Cacoveanu\",\"alternateName\":\"newOrtho - Die Kieferorthop\\u00e4den\",\"description\":\"Die Kieferorthop\\u00e4den in Schweinfurt\",\"inLanguage\":\"en-US\",\"publisher\":{\"@id\":\"https:\\\/\\\/www.new-ortho.de\\\/en\\\/#organization\"}}]}\n\t\t<\/script>\n\t\t<!-- All in One SEO Pro -->\r\n\t\t<title>Date - newOrtho<\/title>\n\n","aioseo_head_json":{"title":"Date - newOrtho","description":"Make an appointment with NewOrtho now and receive fast support and individual advice to solve your orthopaedic problems.","canonical_url":"https:\/\/www.new-ortho.de\/en\/date","robots":"noindex, nofollow, max-snippet:-1, max-image-preview:large, max-video-preview:-1","keywords":"","webmasterTools":{"miscellaneous":""},"schema":{"@context":"https:\/\/schema.org","@graph":[{"@type":"BreadcrumbList","@id":"https:\/\/www.new-ortho.de\/en\/date#breadcrumblist","itemListElement":[{"@type":"ListItem","@id":"https:\/\/www.new-ortho.de\/en#listItem","position":1,"name":"Home","item":"https:\/\/www.new-ortho.de\/en","nextItem":{"@type":"ListItem","@id":"https:\/\/www.new-ortho.de\/en\/date#listItem","name":"Date"}},{"@type":"ListItem","@id":"https:\/\/www.new-ortho.de\/en\/date#listItem","position":2,"name":"Date","previousItem":{"@type":"ListItem","@id":"https:\/\/www.new-ortho.de\/en#listItem","name":"Home"}}]},{"@type":"Organization","@id":"https:\/\/www.new-ortho.de\/en\/#organization","name":"newOrtho Martin Kleibe und Diana Cacoveanu","description":"newOrtho ist eine f\u00fchrende kieferorthop\u00e4dische Praxis in Schweinfurt, die spezialisierte Behandlungen f\u00fcr Kinder und Erwachsene anbietet. Unser erfahrenes Team bietet ein breites Spektrum an modernen Behandlungsmethoden, darunter unsichtbare Zahnspangen (Invisalign), festsitzende und herausnehmbare Zahnspangen sowie pr\u00e4ventive Kieferorthop\u00e4die. Dar\u00fcber hinaus sind wir auf kieferorthop\u00e4dische Chirurgie, die Behandlung von Kiefergelenkproblemen und Fr\u00fchbehandlungen bei Kindern spezialisiert. Wir bieten auch Retentionsger\u00e4te zur Stabilisierung des Behandlungsergebnisses und \u00e4sthetische Zahnkorrekturen an. Wir legen gro\u00dfen Wert auf eine individuelle Beratung und Betreuung unserer Patienten und bieten flexible Terminvereinbarungen sowie Notfallservices an. Unsere Praxis ist bekannt f\u00fcr ihre freundliche Atmosph\u00e4re und den hohen Qualit\u00e4tsstandard der Behandlungen. Besuchen Sie newOrtho und erfahren Sie mehr \u00fcber unsere umfassenden Leistungen f\u00fcr ein gesundes und sch\u00f6nes L\u00e4cheln.","url":"https:\/\/www.new-ortho.de\/en\/","email":"info@new-ortho.de","telephone":"+49972125282","numberOfEmployees":{"@type":"QuantitativeValue","minValue":10,"maxValue":20},"logo":{"@type":"ImageObject","url":"https:\/\/cdn.new-ortho.de\/wp-content\/uploads\/2024\/02\/new-ortho-logo.svg","@id":"https:\/\/www.new-ortho.de\/en\/date\/#organizationLogo","caption":"new-ortho-logo"},"image":{"@id":"https:\/\/www.new-ortho.de\/en\/date\/#organizationLogo"},"sameAs":["https:\/\/www.facebook.com\/kfonewortho\/","https:\/\/www.instagram.com\/kfo_schweinfurt\/"]},{"@type":"WebPage","@id":"https:\/\/www.new-ortho.de\/en\/date#webpage","url":"https:\/\/www.new-ortho.de\/en\/date","name":"Date - newOrtho","description":"Make an appointment with NewOrtho now and receive fast support and individual advice to solve your orthopaedic problems.","inLanguage":"en-US","isPartOf":{"@id":"https:\/\/www.new-ortho.de\/en\/#website"},"breadcrumb":{"@id":"https:\/\/www.new-ortho.de\/en\/date#breadcrumblist"},"datePublished":"2024-02-26T18:02:42+01:00","dateModified":"2025-03-10T10:27:23+01:00"},{"@type":"WebSite","@id":"https:\/\/www.new-ortho.de\/en\/#website","url":"https:\/\/www.new-ortho.de\/en\/","name":"Kieferorthop\u00e4de Schweinfurt - newOrtho Martin Kleibe und Diana Cacoveanu","alternateName":"newOrtho - Die Kieferorthop\u00e4den","description":"Die Kieferorthop\u00e4den in Schweinfurt","inLanguage":"en-US","publisher":{"@id":"https:\/\/www.new-ortho.de\/en\/#organization"}}]},"og:locale":"en_US","og:site_name":"newOrtho - Die Kieferorthop\u00e4den in Schweinfurt","og:type":"article","og:title":"Date - newOrtho","og:description":"Make an appointment with NewOrtho now and receive fast support and individual advice to solve your orthopaedic problems.","og:url":"https:\/\/www.new-ortho.de\/en\/date","article:published_time":"2024-02-26T17:02:42+00:00","article:modified_time":"2025-03-10T09:27:23+00:00","article:publisher":"https:\/\/www.facebook.com\/kfonewortho\/","twitter:card":"summary_large_image","twitter:title":"Date - newOrtho","twitter:description":"Make an appointment with NewOrtho now and receive fast support and individual advice to solve your orthopaedic problems."},"aioseo_meta_data":{"post_id":"930","title":null,"description":"Make an appointment with NewOrtho now and receive fast support and individual advice to solve your orthopaedic problems.","keywords":null,"keyphrases":{"focus":{"keyphrase":"Termin","score":38,"analysis":{"keyphraseInTitle":{"score":3,"maxScore":9,"error":1},"keyphraseInDescription":{"score":3,"maxScore":9,"error":1},"keyphraseLength":{"score":9,"maxScore":9,"error":0,"length":1},"keyphraseInURL":{"score":1,"maxScore":5,"error":1},"keyphraseInIntroduction":{"score":3,"maxScore":9,"error":1},"keyphraseInSubHeadings":[],"keyphraseInImageAlt":[],"keywordDensity":{"score":0,"type":"low","maxScore":9,"error":1}}},"additional":[]},"primary_term":null,"canonical_url":null,"og_title":null,"og_description":null,"og_object_type":"default","og_image_type":"default","og_image_url":null,"og_image_width":null,"og_image_height":null,"og_image_custom_url":null,"og_image_custom_fields":null,"og_video":"","og_custom_url":null,"og_article_section":null,"og_article_tags":null,"twitter_use_og":false,"twitter_card":"default","twitter_image_type":"default","twitter_image_url":null,"twitter_image_custom_url":null,"twitter_image_custom_fields":null,"twitter_title":null,"twitter_description":null,"schema":{"blockGraphs":[],"customGraphs":[],"default":{"data":{"Article":[],"Course":[],"Dataset":[],"FAQPage":[],"Movie":[],"Person":[],"Product":[],"ProductReview":[],"Car":[],"Recipe":[],"Service":[],"SoftwareApplication":[],"WebPage":[]},"graphName":"WebPage","isEnabled":true},"graphs":[]},"schema_type":"default","schema_type_options":null,"pillar_content":false,"robots_default":false,"robots_noindex":true,"robots_noarchive":false,"robots_nosnippet":false,"robots_nofollow":true,"robots_noimageindex":false,"robots_noodp":false,"robots_notranslate":false,"robots_max_snippet":"-1","robots_max_videopreview":"-1","robots_max_imagepreview":"large","priority":null,"frequency":"default","local_seo":null,"seo_analyzer_scan_date":"2025-08-15 00:40:20","breadcrumb_settings":null,"limit_modified_date":false,"reviewed_by":null,"open_ai":"{\"title\":{\"suggestions\":[],\"usage\":0},\"description\":{\"suggestions\":[],\"usage\":0}}","ai":null,"created":"2024-03-14 07:11:25","updated":"2025-10-21 22:30:28"},"aioseo_breadcrumb":"<div class=\"aioseo-breadcrumbs\"><span class=\"aioseo-breadcrumb\">\n\t<a href=\"https:\/\/www.new-ortho.de\/en\" title=\"Home\">Home<\/a>\n<\/span><span class=\"aioseo-breadcrumb-separator\">&raquo;<\/span><span class=\"aioseo-breadcrumb\">\n\tDate\n<\/span><\/div>","aioseo_breadcrumb_json":[{"label":"Home","link":"https:\/\/www.new-ortho.de\/en"},{"label":"Date","link":"https:\/\/www.new-ortho.de\/en\/date"}],"builder_content":"<h1 style=\"text-align: center;\">Make an appointment with newOrtho<\/h1>\n<iframe loading=\"lazy\" src=\"https:\/\/www.iie-systems.de\/kalender\/5773040cfd\" width=\"100%\" height=\"1500\" frameborder=\"0\" scrolling=\"auto\"><\/iframe>","_links":{"self":[{"href":"https:\/\/www.new-ortho.de\/en\/wp-json\/wp\/v2\/pages\/930","targetHints":{"allow":["GET"]}}],"collection":[{"href":"https:\/\/www.new-ortho.de\/en\/wp-json\/wp\/v2\/pages"}],"about":[{"href":"https:\/\/www.new-ortho.de\/en\/wp-json\/wp\/v2\/types\/page"}],"author":[{"embeddable":true,"href":"https:\/\/www.new-ortho.de\/en\/wp-json\/wp\/v2\/users\/1"}],"replies":[{"embeddable":true,"href":"https:\/\/www.new-ortho.de\/en\/wp-json\/wp\/v2\/comments?post=930"}],"version-history":[{"count":2,"href":"https:\/\/www.new-ortho.de\/en\/wp-json\/wp\/v2\/pages\/930\/revisions"}],"predecessor-version":[{"id":2620,"href":"https:\/\/www.new-ortho.de\/en\/wp-json\/wp\/v2\/pages\/930\/revisions\/2620"}],"wp:attachment":[{"href":"https:\/\/www.new-ortho.de\/en\/wp-json\/wp\/v2\/media?parent=930"}],"curies":[{"name":"wp","href":"https:\/\/api.w.org\/{rel}","templated":true}]}}