{"id":932,"date":"2024-02-26T12:46:03","date_gmt":"2024-02-26T11:46:03","guid":{"rendered":"https:\/\/newortho2.live-website.com\/contact-us"},"modified":"2025-03-10T10:27:17","modified_gmt":"2025-03-10T09:27:17","slug":"contact-us","status":"publish","type":"page","link":"https:\/\/www.new-ortho.de\/en\/contact-us","title":{"rendered":"Contact us"},"content":{"rendered":"<!--themify_builder_content-->\n<div id=\"themify_builder_content-932\" data-postid=\"932\" class=\"themify_builder_content themify_builder_content-932 themify_builder tf_clear\">\n                    <div  data-anchor=\"bewerben\" data-lazy=\"1\" class=\"module_row themify_builder_row tb_has_section tb_section-bewerben tb_bv7v682 tb_first tf_w\">\n                        <div class=\"row_inner col_align_top tb_col_count_1 tf_box tf_rel\">\n                        <div  data-lazy=\"1\" class=\"module_column tb-column col-full tb_0d8k682 first\">\n                            <div  data-lazy=\"1\" class=\"module_subrow themify_builder_sub_row tf_w col_align_middle tb_col_count_2 tb_y5gi945\">\n                <div  data-lazy=\"1\" class=\"module_column sub_column col4-2 tb_1131945 first\">\n                    <!-- module text -->\n<div  class=\"module module-text tb_n6s8682   \" data-lazy=\"1\">\n        <div  class=\"tb_text_wrap\">\n        <h2 style=\"text-align: center;\">Get in contact with newOrtho<\/h2>    <\/div>\n<\/div>\n<!-- \/module text -->        <\/div>\n                    <div  data-lazy=\"1\" class=\"module_column sub_column col4-2 tb_xkk9945 last\">\n                    <!-- module text -->\n<div  class=\"module module-text tb_2wo22    hide-mobile\" data-lazy=\"1\">\n        <div  class=\"tb_text_wrap\">\n        <h3 style=\"text-align: center;\">Contact details<\/h3>    <\/div>\n<\/div>\n<!-- \/module text -->        <\/div>\n                    <\/div>\n                <div  data-lazy=\"1\" class=\"module_subrow themify_builder_sub_row tf_w col_align_top tb_col_count_2 tb_a92x2\">\n                <div  data-lazy=\"1\" class=\"module_column sub_column col4-2 tb_klt02 first\">\n                    <!-- module widget -->\n<div  class=\"module module-widget tb_wj5x2  no-repeat\" data-lazy=\"1\">\n    <div class=\"widget wpforms-widget\"><\/div><\/div>\n<!-- \/module widget -->\n        <\/div>\n                    <div  data-lazy=\"1\" class=\"module_column sub_column col4-2 tb_1x7c2 last\">\n                    <!-- module image -->\n<div  class=\"module module-image tb_rai02 image-center rounded  tf_mw\" data-lazy=\"1\">\n        <div class=\"image-wrap tf_rel tf_mw\">\n            <img decoding=\"async\" src=\"https:\/\/newortho2.live-website.com\/wp-content\/uploads\/2024\/02\/newortho1816-zanh-scaled-1.jpg\" width=\"350\" height=\"1280\" title=\"Contact us\" alt=\"Contact us\">    \n        <\/div>\n    <!-- \/image-wrap -->\n    \n        <\/div>\n<!-- \/module image --><!-- module icon -->\n<div  class=\"module module-icon tb_0upd2    icon_vertical \" data-lazy=\"1\">\n\t\t\t<div class=\"module-icon-item\">\n\t\t\t\t\t\t\t<a href=\"tel:+49%209721%20252%2082\">\n\t\t\t\t\t\t\t\t\t\t\t\t\t\t\t\t\t<em class=\"tf_box\"\n\t\t\t\t\t\t\t\t\t\t\t\t style=\"color:#a1c100\"\t\t\t\t\t><svg  class=\"tf_fa tf-fas-phone\" aria-hidden=\"true\"><use href=\"#tf-fas-phone\"><\/use><\/svg><\/em>\n\t\t\t\t\t\t\t\t\t\t\t\t\t\t\t\t\t\t\t<span>+49 9721 252 82<\/span>\n\t\t\t\t\t\t\t\t\t\t\t\t\t\t\t\t\t<\/a>\n\t\t\t\t\t<\/div>\n\t\t\t<div class=\"module-icon-item\">\n\t\t\t\t\t\t\t\t\t\t\t\t\t\t\t\t<em class=\"tf_box\"\n\t\t\t\t\t\t\t\t\t\t\t\t style=\"color:#a1c100\"\t\t\t\t\t><svg  class=\"tf_fa tf-fas-print\" aria-hidden=\"true\"><use href=\"#tf-fas-print\"><\/use><\/svg><\/em>\n\t\t\t\t\t\t\t\t\t\t\t\t\t\t\t\t\t\t\t<span>+49 9721 252 83<\/span>\n\t\t\t\t\t\t\t\t\t\t\t\t\t\t\t<\/div>\n\t\t\t<div class=\"module-icon-item\">\n\t\t\t\t\t\t\t<a href=\"mailto:%20info@new-ortho.de\">\n\t\t\t\t\t\t\t\t\t\t\t\t\t\t\t\t\t<em class=\"tf_box\"\n\t\t\t\t\t\t\t\t\t\t\t\t style=\"color:#a1c100\"\t\t\t\t\t><svg  class=\"tf_fa tf-fas-envelope\" aria-hidden=\"true\"><use href=\"#tf-fas-envelope\"><\/use><\/svg><\/em>\n\t\t\t\t\t\t\t\t\t\t\t\t\t\t\t\t\t\t\t<span>info@new-ortho.de<\/span>\n\t\t\t\t\t\t\t\t\t\t\t\t\t\t\t\t\t<\/a>\n\t\t\t\t\t<\/div>\n\t<\/div>\n<!-- \/module icon -->\n        <\/div>\n                    <\/div>\n                <\/div>\n                        <\/div>\n        <\/div>\n        <\/div>\n<!--\/themify_builder_content-->","protected":false},"excerpt":{"rendered":"<p>Get in contact with newOrtho Contact details +49 9721 252 82 +49 9721 252 83 info@new-ortho.de<\/p>\n","protected":false},"author":1,"featured_media":0,"parent":0,"menu_order":0,"comment_status":"closed","ping_status":"closed","template":"","meta":{"footnotes":""},"class_list":["post-932","page","type-page","status-publish","hentry","has-post-title","has-post-date","has-post-category","has-post-tag","has-post-comment","has-post-author",""],"aioseo_notices":[],"aioseo_head":"\n\t\t<!-- All in One SEO Pro 4.9.6.2 - aioseo.com -->\n\t<meta name=\"description\" content=\"Get in touch with the newOrtho team in Schweinfurt easily and simply - for individual advice.\" \/>\n\t<meta name=\"robots\" content=\"noindex, nofollow, max-snippet:-1, max-image-preview:large, max-video-preview:-1\" \/>\n\t<link rel=\"canonical\" href=\"https:\/\/www.new-ortho.de\/en\/contact-us\" \/>\n\t<meta name=\"generator\" content=\"All in One SEO Pro (AIOSEO) 4.9.6.2\" \/>\n\t\t<meta property=\"og:locale\" content=\"en_US\" \/>\n\t\t<meta property=\"og:site_name\" content=\"newOrtho - Die Kieferorthop\u00e4den in Schweinfurt\" \/>\n\t\t<meta property=\"og:type\" content=\"article\" \/>\n\t\t<meta property=\"og:title\" content=\"Contact us - newOrtho - Orthodontics\" \/>\n\t\t<meta property=\"og:description\" content=\"Get in touch with the newOrtho team in Schweinfurt easily and simply - for individual advice.\" \/>\n\t\t<meta property=\"og:url\" content=\"https:\/\/www.new-ortho.de\/en\/contact-us\" \/>\n\t\t<meta property=\"article:published_time\" content=\"2024-02-26T11:46:03+00:00\" \/>\n\t\t<meta property=\"article:modified_time\" content=\"2025-03-10T09:27:17+00:00\" \/>\n\t\t<meta property=\"article:publisher\" content=\"https:\/\/www.facebook.com\/kfonewortho\/\" \/>\n\t\t<meta name=\"twitter:card\" content=\"summary_large_image\" \/>\n\t\t<meta name=\"twitter:title\" content=\"Contact us - newOrtho - Orthodontics\" \/>\n\t\t<meta name=\"twitter:description\" content=\"Get in touch with the newOrtho team in Schweinfurt easily and simply - for individual advice.\" \/>\n\t\t<script type=\"application\/ld+json\" class=\"aioseo-schema\">\n\t\t\t{\"@context\":\"https:\\\/\\\/schema.org\",\"@graph\":[{\"@type\":\"BreadcrumbList\",\"@id\":\"https:\\\/\\\/www.new-ortho.de\\\/en\\\/contact-us#breadcrumblist\",\"itemListElement\":[{\"@type\":\"ListItem\",\"@id\":\"https:\\\/\\\/www.new-ortho.de\\\/en#listItem\",\"position\":1,\"name\":\"Home\",\"item\":\"https:\\\/\\\/www.new-ortho.de\\\/en\",\"nextItem\":{\"@type\":\"ListItem\",\"@id\":\"https:\\\/\\\/www.new-ortho.de\\\/en\\\/contact-us#listItem\",\"name\":\"Contact us\"}},{\"@type\":\"ListItem\",\"@id\":\"https:\\\/\\\/www.new-ortho.de\\\/en\\\/contact-us#listItem\",\"position\":2,\"name\":\"Contact us\",\"previousItem\":{\"@type\":\"ListItem\",\"@id\":\"https:\\\/\\\/www.new-ortho.de\\\/en#listItem\",\"name\":\"Home\"}}]},{\"@type\":\"Organization\",\"@id\":\"https:\\\/\\\/www.new-ortho.de\\\/en\\\/#organization\",\"name\":\"newOrtho Martin Kleibe und Diana Cacoveanu\",\"description\":\"newOrtho ist eine f\\u00fchrende kieferorthop\\u00e4dische Praxis in Schweinfurt, die spezialisierte Behandlungen f\\u00fcr Kinder und Erwachsene anbietet. Unser erfahrenes Team bietet ein breites Spektrum an modernen Behandlungsmethoden, darunter unsichtbare Zahnspangen (Invisalign), festsitzende und herausnehmbare Zahnspangen sowie pr\\u00e4ventive Kieferorthop\\u00e4die. Dar\\u00fcber hinaus sind wir auf kieferorthop\\u00e4dische Chirurgie, die Behandlung von Kiefergelenkproblemen und Fr\\u00fchbehandlungen bei Kindern spezialisiert. Wir bieten auch Retentionsger\\u00e4te zur Stabilisierung des Behandlungsergebnisses und \\u00e4sthetische Zahnkorrekturen an. Wir legen gro\\u00dfen Wert auf eine individuelle Beratung und Betreuung unserer Patienten und bieten flexible Terminvereinbarungen sowie Notfallservices an. Unsere Praxis ist bekannt f\\u00fcr ihre freundliche Atmosph\\u00e4re und den hohen Qualit\\u00e4tsstandard der Behandlungen. Besuchen Sie newOrtho und erfahren Sie mehr \\u00fcber unsere umfassenden Leistungen f\\u00fcr ein gesundes und sch\\u00f6nes L\\u00e4cheln.\",\"url\":\"https:\\\/\\\/www.new-ortho.de\\\/en\\\/\",\"email\":\"info@new-ortho.de\",\"telephone\":\"+49972125282\",\"numberOfEmployees\":{\"@type\":\"QuantitativeValue\",\"minValue\":10,\"maxValue\":20},\"logo\":{\"@type\":\"ImageObject\",\"url\":\"https:\\\/\\\/cdn.new-ortho.de\\\/wp-content\\\/uploads\\\/2024\\\/02\\\/new-ortho-logo.svg\",\"@id\":\"https:\\\/\\\/www.new-ortho.de\\\/en\\\/contact-us\\\/#organizationLogo\",\"caption\":\"new-ortho-logo\"},\"image\":{\"@id\":\"https:\\\/\\\/www.new-ortho.de\\\/en\\\/contact-us\\\/#organizationLogo\"},\"sameAs\":[\"https:\\\/\\\/www.facebook.com\\\/kfonewortho\\\/\",\"https:\\\/\\\/www.instagram.com\\\/kfo_schweinfurt\\\/\"]},{\"@type\":\"WebPage\",\"@id\":\"https:\\\/\\\/www.new-ortho.de\\\/en\\\/contact-us#webpage\",\"url\":\"https:\\\/\\\/www.new-ortho.de\\\/en\\\/contact-us\",\"name\":\"Contact us - newOrtho - Orthodontics\",\"description\":\"Get in touch with the newOrtho team in Schweinfurt easily and simply - for individual advice.\",\"inLanguage\":\"en-US\",\"isPartOf\":{\"@id\":\"https:\\\/\\\/www.new-ortho.de\\\/en\\\/#website\"},\"breadcrumb\":{\"@id\":\"https:\\\/\\\/www.new-ortho.de\\\/en\\\/contact-us#breadcrumblist\"},\"datePublished\":\"2024-02-26T12:46:03+01:00\",\"dateModified\":\"2025-03-10T10:27:17+01:00\"},{\"@type\":\"WebSite\",\"@id\":\"https:\\\/\\\/www.new-ortho.de\\\/en\\\/#website\",\"url\":\"https:\\\/\\\/www.new-ortho.de\\\/en\\\/\",\"name\":\"Kieferorthop\\u00e4de Schweinfurt - newOrtho Martin Kleibe und Diana Cacoveanu\",\"alternateName\":\"newOrtho - Die Kieferorthop\\u00e4den\",\"description\":\"Die Kieferorthop\\u00e4den in Schweinfurt\",\"inLanguage\":\"en-US\",\"publisher\":{\"@id\":\"https:\\\/\\\/www.new-ortho.de\\\/en\\\/#organization\"}}]}\n\t\t<\/script>\n\t\t<!-- All in One SEO Pro -->\r\n\t\t<title>Contact us - newOrtho - Orthodontics<\/title>\n\n","aioseo_head_json":{"title":"Contact us - newOrtho - Orthodontics","description":"Get in touch with the newOrtho team in Schweinfurt easily and simply - for individual advice.","canonical_url":"https:\/\/www.new-ortho.de\/en\/contact-us","robots":"noindex, nofollow, max-snippet:-1, max-image-preview:large, max-video-preview:-1","keywords":"","webmasterTools":{"miscellaneous":""},"schema":{"@context":"https:\/\/schema.org","@graph":[{"@type":"BreadcrumbList","@id":"https:\/\/www.new-ortho.de\/en\/contact-us#breadcrumblist","itemListElement":[{"@type":"ListItem","@id":"https:\/\/www.new-ortho.de\/en#listItem","position":1,"name":"Home","item":"https:\/\/www.new-ortho.de\/en","nextItem":{"@type":"ListItem","@id":"https:\/\/www.new-ortho.de\/en\/contact-us#listItem","name":"Contact us"}},{"@type":"ListItem","@id":"https:\/\/www.new-ortho.de\/en\/contact-us#listItem","position":2,"name":"Contact us","previousItem":{"@type":"ListItem","@id":"https:\/\/www.new-ortho.de\/en#listItem","name":"Home"}}]},{"@type":"Organization","@id":"https:\/\/www.new-ortho.de\/en\/#organization","name":"newOrtho Martin Kleibe und Diana Cacoveanu","description":"newOrtho ist eine f\u00fchrende kieferorthop\u00e4dische Praxis in Schweinfurt, die spezialisierte Behandlungen f\u00fcr Kinder und Erwachsene anbietet. Unser erfahrenes Team bietet ein breites Spektrum an modernen Behandlungsmethoden, darunter unsichtbare Zahnspangen (Invisalign), festsitzende und herausnehmbare Zahnspangen sowie pr\u00e4ventive Kieferorthop\u00e4die. Dar\u00fcber hinaus sind wir auf kieferorthop\u00e4dische Chirurgie, die Behandlung von Kiefergelenkproblemen und Fr\u00fchbehandlungen bei Kindern spezialisiert. Wir bieten auch Retentionsger\u00e4te zur Stabilisierung des Behandlungsergebnisses und \u00e4sthetische Zahnkorrekturen an. Wir legen gro\u00dfen Wert auf eine individuelle Beratung und Betreuung unserer Patienten und bieten flexible Terminvereinbarungen sowie Notfallservices an. Unsere Praxis ist bekannt f\u00fcr ihre freundliche Atmosph\u00e4re und den hohen Qualit\u00e4tsstandard der Behandlungen. Besuchen Sie newOrtho und erfahren Sie mehr \u00fcber unsere umfassenden Leistungen f\u00fcr ein gesundes und sch\u00f6nes L\u00e4cheln.","url":"https:\/\/www.new-ortho.de\/en\/","email":"info@new-ortho.de","telephone":"+49972125282","numberOfEmployees":{"@type":"QuantitativeValue","minValue":10,"maxValue":20},"logo":{"@type":"ImageObject","url":"https:\/\/cdn.new-ortho.de\/wp-content\/uploads\/2024\/02\/new-ortho-logo.svg","@id":"https:\/\/www.new-ortho.de\/en\/contact-us\/#organizationLogo","caption":"new-ortho-logo"},"image":{"@id":"https:\/\/www.new-ortho.de\/en\/contact-us\/#organizationLogo"},"sameAs":["https:\/\/www.facebook.com\/kfonewortho\/","https:\/\/www.instagram.com\/kfo_schweinfurt\/"]},{"@type":"WebPage","@id":"https:\/\/www.new-ortho.de\/en\/contact-us#webpage","url":"https:\/\/www.new-ortho.de\/en\/contact-us","name":"Contact us - newOrtho - Orthodontics","description":"Get in touch with the newOrtho team in Schweinfurt easily and simply - for individual advice.","inLanguage":"en-US","isPartOf":{"@id":"https:\/\/www.new-ortho.de\/en\/#website"},"breadcrumb":{"@id":"https:\/\/www.new-ortho.de\/en\/contact-us#breadcrumblist"},"datePublished":"2024-02-26T12:46:03+01:00","dateModified":"2025-03-10T10:27:17+01:00"},{"@type":"WebSite","@id":"https:\/\/www.new-ortho.de\/en\/#website","url":"https:\/\/www.new-ortho.de\/en\/","name":"Kieferorthop\u00e4de Schweinfurt - newOrtho Martin Kleibe und Diana Cacoveanu","alternateName":"newOrtho - Die Kieferorthop\u00e4den","description":"Die Kieferorthop\u00e4den in Schweinfurt","inLanguage":"en-US","publisher":{"@id":"https:\/\/www.new-ortho.de\/en\/#organization"}}]},"og:locale":"en_US","og:site_name":"newOrtho - Die Kieferorthop\u00e4den in Schweinfurt","og:type":"article","og:title":"Contact us - newOrtho - Orthodontics","og:description":"Get in touch with the newOrtho team in Schweinfurt easily and simply - for individual advice.","og:url":"https:\/\/www.new-ortho.de\/en\/contact-us","article:published_time":"2024-02-26T11:46:03+00:00","article:modified_time":"2025-03-10T09:27:17+00:00","article:publisher":"https:\/\/www.facebook.com\/kfonewortho\/","twitter:card":"summary_large_image","twitter:title":"Contact us - newOrtho - Orthodontics","twitter:description":"Get in touch with the newOrtho team in Schweinfurt easily and simply - for individual advice."},"aioseo_meta_data":{"post_id":"932","title":"#post_title #separator_sa #site_title - Orthodontics","description":"Get in touch with the newOrtho team in Schweinfurt easily and simply - for individual advice.","keywords":null,"keyphrases":{"focus":{"keyphrase":"Kontakt","score":38,"analysis":{"keyphraseInTitle":{"score":3,"maxScore":9,"error":1},"keyphraseInDescription":{"score":3,"maxScore":9,"error":1},"keyphraseLength":{"score":9,"maxScore":9,"error":0,"length":1},"keyphraseInURL":{"score":1,"maxScore":5,"error":1},"keyphraseInIntroduction":{"score":3,"maxScore":9,"error":1},"keyphraseInSubHeadings":[],"keyphraseInImageAlt":[],"keywordDensity":{"score":0,"type":"low","maxScore":9,"error":1}}},"additional":[]},"primary_term":null,"canonical_url":null,"og_title":null,"og_description":null,"og_object_type":"default","og_image_type":"default","og_image_url":null,"og_image_width":null,"og_image_height":null,"og_image_custom_url":null,"og_image_custom_fields":null,"og_video":"","og_custom_url":null,"og_article_section":null,"og_article_tags":null,"twitter_use_og":false,"twitter_card":"default","twitter_image_type":"default","twitter_image_url":null,"twitter_image_custom_url":null,"twitter_image_custom_fields":null,"twitter_title":null,"twitter_description":null,"schema":{"blockGraphs":[],"customGraphs":[],"default":{"data":{"Article":[],"Course":[],"Dataset":[],"FAQPage":[],"Movie":[],"Person":[],"Product":[],"ProductReview":[],"Car":[],"Recipe":[],"Service":[],"SoftwareApplication":[],"WebPage":[]},"graphName":"WebPage","isEnabled":true},"graphs":[]},"schema_type":"default","schema_type_options":null,"pillar_content":false,"robots_default":false,"robots_noindex":true,"robots_noarchive":false,"robots_nosnippet":false,"robots_nofollow":true,"robots_noimageindex":false,"robots_noodp":false,"robots_notranslate":false,"robots_max_snippet":"-1","robots_max_videopreview":"-1","robots_max_imagepreview":"large","priority":null,"frequency":"default","local_seo":null,"seo_analyzer_scan_date":"2025-08-15 00:45:39","breadcrumb_settings":null,"limit_modified_date":false,"reviewed_by":null,"open_ai":"{\"title\":{\"suggestions\":[],\"usage\":0},\"description\":{\"suggestions\":[],\"usage\":0}}","ai":null,"created":"2024-03-14 07:18:39","updated":"2025-10-21 22:30:28"},"aioseo_breadcrumb":"<div class=\"aioseo-breadcrumbs\"><span class=\"aioseo-breadcrumb\">\n\t<a href=\"https:\/\/www.new-ortho.de\/en\" title=\"Home\">Home<\/a>\n<\/span><span class=\"aioseo-breadcrumb-separator\">&raquo;<\/span><span class=\"aioseo-breadcrumb\">\n\tContact us\n<\/span><\/div>","aioseo_breadcrumb_json":[{"label":"Home","link":"https:\/\/www.new-ortho.de\/en"},{"label":"Contact us","link":"https:\/\/www.new-ortho.de\/en\/contact-us"}],"builder_content":"<h2 style=\"text-align: center;\">Get in contact with newOrtho<\/h2>\n<h3 style=\"text-align: center;\">Contact details<\/h3>\n\n<img src=\"https:\/\/newortho2.live-website.com\/wp-content\/uploads\/2024\/02\/newortho1816-zanh-scaled-1.jpg\" width=\"350\" height=\"1280\" title=\"Contact us\" alt=\"Contact us\">\n<a href=\"tel:+49%209721%20252%2082\"> <em style=\"color:#a1c100\" ><svg aria-hidden=\"true\"><use href=\"#tf-fas-phone\"><\/use><\/svg><\/em> +49 9721 252 82 <\/a> <em style=\"color:#a1c100\" ><svg aria-hidden=\"true\"><use href=\"#tf-fas-print\"><\/use><\/svg><\/em> +49 9721 252 83 <a href=\"mailto:%20info@new-ortho.de\"> <em style=\"color:#a1c100\" ><svg aria-hidden=\"true\"><use href=\"#tf-fas-envelope\"><\/use><\/svg><\/em> info@new-ortho.de <\/a>","_links":{"self":[{"href":"https:\/\/www.new-ortho.de\/en\/wp-json\/wp\/v2\/pages\/932","targetHints":{"allow":["GET"]}}],"collection":[{"href":"https:\/\/www.new-ortho.de\/en\/wp-json\/wp\/v2\/pages"}],"about":[{"href":"https:\/\/www.new-ortho.de\/en\/wp-json\/wp\/v2\/types\/page"}],"author":[{"embeddable":true,"href":"https:\/\/www.new-ortho.de\/en\/wp-json\/wp\/v2\/users\/1"}],"replies":[{"embeddable":true,"href":"https:\/\/www.new-ortho.de\/en\/wp-json\/wp\/v2\/comments?post=932"}],"version-history":[{"count":2,"href":"https:\/\/www.new-ortho.de\/en\/wp-json\/wp\/v2\/pages\/932\/revisions"}],"predecessor-version":[{"id":2618,"href":"https:\/\/www.new-ortho.de\/en\/wp-json\/wp\/v2\/pages\/932\/revisions\/2618"}],"wp:attachment":[{"href":"https:\/\/www.new-ortho.de\/en\/wp-json\/wp\/v2\/media?parent=932"}],"curies":[{"name":"wp","href":"https:\/\/api.w.org\/{rel}","templated":true}]}}